{"id":52,"date":"2016-02-23T19:02:38","date_gmt":"2016-02-23T19:02:38","guid":{"rendered":"http:\/\/vis3d.pl\/index.php\/about\/"},"modified":"2024-02-29T15:07:20","modified_gmt":"2024-02-29T15:07:20","slug":"about","status":"publish","type":"page","link":"https:\/\/vis3d.pl\/index.php\/about\/","title":{"rendered":"O nas"},"content":{"rendered":"\n<p>O NAS<br>Vis3D to zgrany zesp\u00f3\u0142 m\u0142odych ludzi. W naszej pracy \u0142\u0105czymy do\u015bwiadczenie z pasj\u0105. Ju\u017c od 12 lat wykonujemy wizualizacje fotorealistyczne w wielu ga\u0142\u0119ziach biznesu. Naszymi klientami s\u0105 architekci, filmowcy bran\u017ca budowlana i prywatni klienci. Nie boimy si\u0119 podejmowa\u0107 trudnych zlece\u0144. Wykonujemy zar\u00f3wno wizualizacje drobnych produkt\u00f3w jak i ogromnych inwestycji budowlanych.<br>Pracujemy na najlepszym oprogramowaniu i najnowszych stacjach graficznych, dzi\u0119ki czemu mo\u017cemy do minimum skr\u00f3ci\u0107 proces tworzenia wizualizacji.<br>Do ka\u017cdego zlecenia podchodzimy indywidualnie staraj\u0105c si\u0119, aby ko\u0144cowy efekt przeszed\u0142 oczekiwania klient\u00f3w.<br>Bartek \u2013 aktywny architekt, absolwent wydzia\u0142u Politechniki Warszawskiej &#8211; wizualizacje tworzy od 20 lat, posiada bogate do\u015bwiadczenie w pracy w filmie i reklamie.<br>Leon &#8211; m\u0142ody grafik 3d od kilku lat tworzy skomplikowane modele 3d na potrzeby naszych wizualizacji.<br>Ola \u2013 absolwentka wydzia\u0142u germanistyki \u2013 dba o nasz kontakt i biznesowe relacji z klientami z<br>Niemiec, Austrii i Szwajcarii.<\/p>\n\n\n\n<p>JAK PRACUJ\u0118<\/p>\n\n\n\n<ol>\n<li>Pierwszy krok to otrzymanie od klienta materia\u0142\u00f3w umo\u017cliwiaj\u0105cych wycen\u0119 i okre\u015blenie<br>termin\u00f3w wykonania. Do wyceny b\u0119dziemy potrzebowa\u0107 rysunki inwestycji : przy wykonaniu<br>wizualizacji fotorealistycznej budynk\u00f3w b\u0119d\u0105 to rzuty kondygnacji, elewacje, przekr\u00f3j i projekt<br>zagospodarowania terenu.<\/li>\n\n\n\n<li>Po akceptacji oferty przechodzimy do realizacji \u2013 tworzymy model 3d oraz nak\u0142adamy wst\u0119pne<br>materia\u0142y \u2013 wykonujemy seri\u0119 uj\u0119\u0107 z r\u00f3\u017cnych kierunk\u00f3w i wysy\u0142amy do klienta w celu wyboru<br>konkretnych kadr\u00f3w.<\/li>\n\n\n\n<li>Uzyskujemy od klienta informacj\u0119 o wyborze uj\u0119\u0107 oraz cz\u0119sto uwagi i sugestie do samego<br>modelu.<\/li>\n\n\n\n<li>Uwzgl\u0119dniaj\u0105c korekty przygotowujemy gotowe wizualizacje w ma\u0142ej rozdzielczo\u015bci.<\/li>\n\n\n\n<li>Otrzymujemy od klienta kolejne uwagi \u2013 sugestie, kt\u00f3re nanosimy i wysy\u0142amy kolejny raz<br>wizualizacje w mniejszej rozdzielczo\u015bci.<\/li>\n\n\n\n<li>Najcz\u0119\u015bciej na tym etapie mamy akceptacj\u0119 i przyst\u0119pujemy do wykonania widok\u00f3w w wysokiej<br>rozdzielczo\u015bci wraz ze wszystkimi efektami \u2013 czasami s\u0105 jeszcze dodatkowe uwagi \u2013 w takiej<br>sytuacji przechodzimy do punktu 5.<\/li>\n<\/ol>\n\n\n\n<figure class=\"wp-block-image size-full\"><img loading=\"lazy\" decoding=\"async\" width=\"943\" height=\"532\" src=\"http:\/\/vis3d.pl\/wp-content\/uploads\/2024\/02\/zdjecia_bartlomiej_wilk.jpg\" alt=\"\" class=\"wp-image-94\" srcset=\"https:\/\/vis3d.pl\/wp-content\/uploads\/2024\/02\/zdjecia_bartlomiej_wilk.jpg 943w, https:\/\/vis3d.pl\/wp-content\/uploads\/2024\/02\/zdjecia_bartlomiej_wilk-300x169.jpg 300w, https:\/\/vis3d.pl\/wp-content\/uploads\/2024\/02\/zdjecia_bartlomiej_wilk-768x433.jpg 768w, https:\/\/vis3d.pl\/wp-content\/uploads\/2024\/02\/zdjecia_bartlomiej_wilk-508x287.jpg 508w\" sizes=\"(max-width: 943px) 100vw, 943px\" \/><figcaption class=\"wp-element-caption\">Bart\u0142omiej Wilk<\/figcaption><\/figure>\n","protected":false},"excerpt":{"rendered":"<p>O NASVis3D to zgrany zesp\u00f3\u0142 m\u0142odych ludzi. W naszej pracy \u0142\u0105czymy do\u015bwiadczenie z pasj\u0105. Ju\u017c od 12 lat wykonujemy wizualizacje fotorealistyczne w wielu ga\u0142\u0119ziach biznesu. Naszymi klientami s\u0105 architekci, filmowcy bran\u017ca budowlana i prywatni klienci. Nie boimy si\u0119 podejmowa\u0107 trudnych zlece\u0144. Wykonujemy zar\u00f3wno wizualizacje drobnych produkt\u00f3w jak i ogromnych inwestycji budowlanych.Pracujemy na najlepszym oprogramowaniu i [&hellip;]<\/p>\n","protected":false},"author":1,"featured_media":0,"parent":0,"menu_order":0,"comment_status":"closed","ping_status":"closed","template":"","meta":{"footnotes":""},"_links":{"self":[{"href":"https:\/\/vis3d.pl\/index.php\/wp-json\/wp\/v2\/pages\/52"}],"collection":[{"href":"https:\/\/vis3d.pl\/index.php\/wp-json\/wp\/v2\/pages"}],"about":[{"href":"https:\/\/vis3d.pl\/index.php\/wp-json\/wp\/v2\/types\/page"}],"author":[{"embeddable":true,"href":"https:\/\/vis3d.pl\/index.php\/wp-json\/wp\/v2\/users\/1"}],"replies":[{"embeddable":true,"href":"https:\/\/vis3d.pl\/index.php\/wp-json\/wp\/v2\/comments?post=52"}],"version-history":[{"count":3,"href":"https:\/\/vis3d.pl\/index.php\/wp-json\/wp\/v2\/pages\/52\/revisions"}],"predecessor-version":[{"id":330,"href":"https:\/\/vis3d.pl\/index.php\/wp-json\/wp\/v2\/pages\/52\/revisions\/330"}],"wp:attachment":[{"href":"https:\/\/vis3d.pl\/index.php\/wp-json\/wp\/v2\/media?parent=52"}],"curies":[{"name":"wp","href":"https:\/\/api.w.org\/{rel}","templated":true}]}}